{"id":14,"date":"2025-09-05T19:38:52","date_gmt":"2025-09-05T19:38:52","guid":{"rendered":"https:\/\/insumosintegrales.cl\/wordpress_I\/?page_id=14"},"modified":"2025-09-20T21:28:39","modified_gmt":"2025-09-20T21:28:39","slug":"nosotros","status":"publish","type":"page","link":"https:\/\/insumosintegrales.cl\/wordpress_I\/nosotros\/","title":{"rendered":"Nosotros"},"content":{"rendered":"\t\t<div data-elementor-type=\"wp-page\" data-elementor-id=\"14\" class=\"elementor elementor-14\">\n\t\t\t\t<div class=\"elementor-element elementor-element-474142d e-con-full e-flex e-con e-parent\" data-id=\"474142d\" data-element_type=\"container\" data-e-type=\"container\" data-settings=\"{&quot;background_background&quot;:&quot;classic&quot;}\">\n\t\t<div class=\"elementor-element elementor-element-65abcff e-flex e-con-boxed e-con e-child\" data-id=\"65abcff\" data-element_type=\"container\" data-e-type=\"container\">\n\t\t\t\t\t<div class=\"e-con-inner\">\n\t\t\t\t<div class=\"elementor-element elementor-element-1250ac0 elementor-widget elementor-widget-heading\" data-id=\"1250ac0\" data-element_type=\"widget\" data-e-type=\"widget\" data-widget_type=\"heading.default\">\n\t\t\t\t\t<h1 class=\"elementor-heading-title elementor-size-default\">Nosotros<\/h1>\t\t\t\t<\/div>\n\t\t\t\t<div class=\"elementor-element elementor-element-00cad07 elementor-widget elementor-widget-heading\" data-id=\"00cad07\" data-element_type=\"widget\" data-e-type=\"widget\" data-widget_type=\"heading.default\">\n\t\t\t\t\t<h2 class=\"elementor-heading-title elementor-size-default\">Somos m\u00e1s que una empresa de suministros, somos Insumos Integrales<\/h2>\t\t\t\t<\/div>\n\t\t\t\t\t<\/div>\n\t\t\t\t<\/div>\n\t\t\t\t<\/div>\n\t\t<div class=\"elementor-element elementor-element-417a0010 e-flex e-con-boxed e-con e-parent\" data-id=\"417a0010\" data-element_type=\"container\" data-e-type=\"container\" data-settings=\"{&quot;background_background&quot;:&quot;classic&quot;}\">\n\t\t\t\t\t<div class=\"e-con-inner\">\n\t\t<div class=\"elementor-element elementor-element-365f0696 e-con-full e-flex e-con e-child\" data-id=\"365f0696\" data-element_type=\"container\" data-e-type=\"container\">\n\t\t<div class=\"elementor-element elementor-element-39ec519f e-con-full e-flex e-con e-child\" data-id=\"39ec519f\" data-element_type=\"container\" data-e-type=\"container\">\n\t\t\t\t<div class=\"elementor-element elementor-element-7eda2407 elementor-widget-mobile__width-initial elementor-widget elementor-widget-image\" data-id=\"7eda2407\" data-element_type=\"widget\" data-e-type=\"widget\" data-widget_type=\"image.default\">\n\t\t\t\t\t\t\t\t\t\t\t\t\t\t\t<img fetchpriority=\"high\" decoding=\"async\" width=\"512\" height=\"512\" src=\"https:\/\/insumosintegrales.cl\/wordpress_I\/wp-content\/uploads\/2025\/04\/cropped-1-1-scaled-1.png\" class=\"attachment-large size-large wp-image-163\" alt=\"\" srcset=\"https:\/\/insumosintegrales.cl\/wordpress_I\/wp-content\/uploads\/2025\/04\/cropped-1-1-scaled-1.png 512w, https:\/\/insumosintegrales.cl\/wordpress_I\/wp-content\/uploads\/2025\/04\/cropped-1-1-scaled-1-300x300.png 300w, https:\/\/insumosintegrales.cl\/wordpress_I\/wp-content\/uploads\/2025\/04\/cropped-1-1-scaled-1-150x150.png 150w\" sizes=\"(max-width: 512px) 100vw, 512px\" \/>\t\t\t\t\t\t\t\t\t\t\t\t\t\t\t<\/div>\n\t\t\t\t<\/div>\n\t\t\t\t<\/div>\n\t\t<div class=\"elementor-element elementor-element-8a2e8a e-flex e-con-boxed e-con e-child\" data-id=\"8a2e8a\" data-element_type=\"container\" data-e-type=\"container\">\n\t\t\t\t\t<div class=\"e-con-inner\">\n\t\t\t\t<div class=\"elementor-element elementor-element-fa9ccdf elementor-widget elementor-widget-heading\" data-id=\"fa9ccdf\" data-element_type=\"widget\" data-e-type=\"widget\" data-widget_type=\"heading.default\">\n\t\t\t\t\t<h2 class=\"elementor-heading-title elementor-size-default\">Insumos Integrales<\/h2>\t\t\t\t<\/div>\n\t\t\t\t<div class=\"elementor-element elementor-element-a605750 elementor-widget elementor-widget-heading\" data-id=\"a605750\" data-element_type=\"widget\" data-e-type=\"widget\" data-widget_type=\"heading.default\">\n\t\t\t\t\t<h2 class=\"elementor-heading-title elementor-size-default\">nuestra historia<\/h2>\t\t\t\t<\/div>\n\t\t<div class=\"elementor-element elementor-element-2a858da8 e-flex e-con-boxed e-con e-child\" data-id=\"2a858da8\" data-element_type=\"container\" data-e-type=\"container\">\n\t\t\t\t\t<div class=\"e-con-inner\">\n\t\t\t\t<div class=\"elementor-element elementor-element-2f98529a elementor-widget elementor-widget-text-editor\" data-id=\"2f98529a\" data-element_type=\"widget\" data-e-type=\"widget\" data-widget_type=\"text-editor.default\">\n\t\t\t\t\t\t\t\t\t<p class=\"p1\"><span dir=\"auto\">En\u00a0<\/span><b><span dir=\"auto\">Insumos Integrales<\/span><\/b><span dir=\"auto\">\u00a0creemos que lo esencial no deber\u00eda ser complicado. Desde los productos de limpieza hasta el uniforme del d\u00eda a d\u00eda, nos encargamos de que\u00a0<\/span><b><span dir=\"auto\">tu empresa, oficina u hogar est\u00e9 siempre abastecido, limpio y funcionando como debe ser<\/span><\/b><span dir=\"auto\">.<\/span><\/p><p class=\"p1\"><b><span dir=\"auto\">Somos una empresa 100% familiar<\/span><\/b><span dir=\"auto\">, ubicada en \u00d1u\u00f1oa \u2013 Regi\u00f3n Metropolitana. Nacimos en 2017 bajo el nombre de\u00a0<\/span><strong><i><span dir=\"auto\">Fresh &amp; Clean<\/span><\/i><\/strong><span dir=\"auto\">, y en 2025 decidimos dar un paso m\u00e1s grande, renovando nuestra imagen como\u00a0<\/span><b><span dir=\"auto\">Insumos Integrales<\/span><\/b><span dir=\"auto\">, manteniendo el mismo compromiso, calidad y cercan\u00eda que nos caracteriza, pero ahora\u00a0<\/span><b><span dir=\"auto\">con una variedad a\u00fan m\u00e1s completa de insumos<\/span><\/b><span dir=\"auto\">\u00a0para cada necesidad.<\/span><\/p><p class=\"p1\"><span dir=\"auto\">\u00bfQu\u00e9 ofrecemos? Productos de limpieza comercial, industrial y residencial, art\u00edculos de cocina y despensa para empresas, papeler\u00eda, uniformes, y cualquier otro insumo esencial que tu organizaci\u00f3n necesite para funcionar sin interrupciones.<\/span><\/p><p class=\"p1\"><span dir=\"auto\">Si lo necesitas,\u00a0<\/span><b><span dir=\"auto\">lo conseguimos<\/span><\/b><span dir=\"auto\">.<\/span><br \/><span dir=\"auto\">Porque en\u00a0<\/span><b><span dir=\"auto\">Insumos Integrales, tu tranquilidad es nuestra prioridad.<\/span><\/b><\/p>\t\t\t\t\t\t\t\t<\/div>\n\t\t\t\t\t<\/div>\n\t\t\t\t<\/div>\n\t\t\t\t\t<\/div>\n\t\t\t\t<\/div>\n\t\t\t\t<div class=\"elementor-element elementor-element-54187896 elementor-widget elementor-widget-read-more\" data-id=\"54187896\" data-element_type=\"widget\" data-e-type=\"widget\" data-widget_type=\"read-more.default\">\n\t\t\t\t\t<\/div><\/div><\/div><\/div> <a href=\"https:\/\/insumosintegrales.cl\/wordpress_I\/nosotros\/#more-14\" class=\"more-link elementor-more-link\"><span aria-label=\"Sigue leyendo Nosotros\">Leer mas...<\/span><\/a>","protected":false},"excerpt":{"rendered":"<p>Nosotros Somos m\u00e1s que una empresa de suministros, somos Insumos Integrales Insumos Integrales nuestra historia En\u00a0Insumos Integrales\u00a0creemos que lo esencial no deber\u00eda ser complicado. Desde los productos de limpieza hasta el uniforme del d\u00eda a d\u00eda, nos encargamos de que\u00a0tu empresa, oficina u hogar est\u00e9 siempre abastecido, limpio y funcionando como debe ser. Somos una [&hellip;]<\/p>\n","protected":false},"author":1,"featured_media":0,"parent":0,"menu_order":0,"comment_status":"closed","ping_status":"closed","template":"","meta":{"footnotes":""},"class_list":["post-14","page","type-page","status-publish","hentry"],"blocksy_meta":[],"_links":{"self":[{"href":"https:\/\/insumosintegrales.cl\/wordpress_I\/wp-json\/wp\/v2\/pages\/14","targetHints":{"allow":["GET"]}}],"collection":[{"href":"https:\/\/insumosintegrales.cl\/wordpress_I\/wp-json\/wp\/v2\/pages"}],"about":[{"href":"https:\/\/insumosintegrales.cl\/wordpress_I\/wp-json\/wp\/v2\/types\/page"}],"author":[{"embeddable":true,"href":"https:\/\/insumosintegrales.cl\/wordpress_I\/wp-json\/wp\/v2\/users\/1"}],"replies":[{"embeddable":true,"href":"https:\/\/insumosintegrales.cl\/wordpress_I\/wp-json\/wp\/v2\/comments?post=14"}],"version-history":[{"count":34,"href":"https:\/\/insumosintegrales.cl\/wordpress_I\/wp-json\/wp\/v2\/pages\/14\/revisions"}],"predecessor-version":[{"id":2782,"href":"https:\/\/insumosintegrales.cl\/wordpress_I\/wp-json\/wp\/v2\/pages\/14\/revisions\/2782"}],"wp:attachment":[{"href":"https:\/\/insumosintegrales.cl\/wordpress_I\/wp-json\/wp\/v2\/media?parent=14"}],"curies":[{"name":"wp","href":"https:\/\/api.w.org\/{rel}","templated":true}]}}