{"id":1987,"date":"2025-09-10T17:31:40","date_gmt":"2025-09-10T17:31:40","guid":{"rendered":"https:\/\/insumosintegrales.cl\/wordpress_I\/?page_id=1987"},"modified":"2025-09-29T23:36:07","modified_gmt":"2025-09-29T23:36:07","slug":"reembolso_devoluciones","status":"publish","type":"page","link":"https:\/\/insumosintegrales.cl\/wordpress_I\/reembolso_devoluciones\/","title":{"rendered":"Pol\u00edticas de Despacho"},"content":{"rendered":"\t\t<div data-elementor-type=\"wp-page\" data-elementor-id=\"1987\" class=\"elementor elementor-1987\">\n\t\t\t\t<div class=\"elementor-element elementor-element-76dcc3db e-con-full e-flex e-con e-parent\" data-id=\"76dcc3db\" data-element_type=\"container\" data-e-type=\"container\" data-settings=\"{&quot;background_background&quot;:&quot;classic&quot;}\">\n\t\t<div class=\"elementor-element elementor-element-7cec316c e-con-full e-flex e-con e-child\" data-id=\"7cec316c\" data-element_type=\"container\" data-e-type=\"container\">\n\t\t\t\t<div class=\"elementor-element elementor-element-25c94736 elementor-widget elementor-widget-heading\" data-id=\"25c94736\" data-element_type=\"widget\" data-e-type=\"widget\" data-widget_type=\"heading.default\">\n\t\t\t\t\t<h1 class=\"elementor-heading-title elementor-size-default\">Pol\u00edticas de Despacho<\/h1>\t\t\t\t<\/div>\n\t\t\t\t<div class=\"elementor-element elementor-element-6f99a889 elementor-widget__width-initial elementor-widget elementor-widget-text-editor\" data-id=\"6f99a889\" data-element_type=\"widget\" data-e-type=\"widget\" data-widget_type=\"text-editor.default\">\n\t\t\t\t\t\t\t\t\t<p style=\"text-align: right;\">Insumos Integrales SpA<\/p>\t\t\t\t\t\t\t\t<\/div>\n\t\t\t\t<\/div>\n\t\t\t\t<\/div>\n\t\t<div class=\"elementor-element elementor-element-20025410 e-con-full e-flex e-con e-parent\" data-id=\"20025410\" data-element_type=\"container\" data-e-type=\"container\">\n\t\t\t\t<div class=\"elementor-element elementor-element-2af451d5 elementor-widget elementor-widget-spacer\" data-id=\"2af451d5\" data-element_type=\"widget\" data-e-type=\"widget\" data-widget_type=\"spacer.default\">\n\t\t\t\t\t\t\t<div class=\"elementor-spacer\">\n\t\t\t<div class=\"elementor-spacer-inner\"><\/div>\n\t\t<\/div>\n\t\t\t\t\t\t<\/div>\n\t\t\t\t<\/div>\n\t\t<div class=\"elementor-element elementor-element-4fe8077 e-flex e-con-boxed e-con e-parent\" data-id=\"4fe8077\" data-element_type=\"container\" data-e-type=\"container\">\n\t\t\t\t\t<div class=\"e-con-inner\">\n\t\t\t\t<div class=\"elementor-element elementor-element-f812d02 elementor-widget elementor-widget-text-editor\" data-id=\"f812d02\" data-element_type=\"widget\" data-e-type=\"widget\" data-widget_type=\"text-editor.default\">\n\t\t\t\t\t\t\t\t\t<p>Dentro de nuestro compromiso es llegar lo m\u00e1s pronto posible a todas las comunas de la Regi\u00f3n Metropolitana. Para eso insumosintegrales.cl realiza el despacho dentro de las 24 horas h\u00e1biles siguiente a la confirmaci\u00f3n de la compra en las siguientes comunas: Las Condes, \u00d1u\u00f1oa, Macul, Independencia, Estaci\u00f3n Central, Lo Espejo, San Ram\u00f3n, La Pintana, Vitacura, La Reina, Pe\u00f1alolen, San Joaqu\u00edn, La Cisterna, Lo Prado, Cerro Navia, Maip\u00fa, Lo Barnechea, Santiago Centro, Recoleta, Cerrillos, La Granja, Pedro Aguirre Cerda, El Bosque, Pudahuel, Providencia, Huechuraba, San Miguel, Conchal\u00ed, La Florida, Quinta Normal, Renca y Quilicura.<\/p>\n<p>Los pagos notificados antes de las 12:00 horas, ser\u00e1n despachados al d\u00eda h\u00e1bil siguiente.<\/p>\n<p>Los pagos notificados despu\u00e9s de 12:01 horas quedan para el d\u00eda h\u00e1bil<span class=\"Apple-converted-space\">&nbsp;&nbsp;<\/span>subsiguiente.<\/p>\n<p>Los pagos notificados entre los d\u00edas viernes despu\u00e9s de las 12:01 horas hasta el d\u00eda domingo, quedan para el d\u00eda martes siguiente (si este d\u00eda es feriado el pedido ser\u00e1 entregado el d\u00eda mi\u00e9rcoles).<\/p>\n<p><b>Costos de Env\u00edo<\/b><\/p>\n<p>Por compras superiores a $30.000 el despacho es gratis en las siguientes comunas: Las Condes, \u00d1u\u00f1oa, Macul, Independencia, Estaci\u00f3n Central, Lo Espejo, San Ram\u00f3n, La Pintana, Vitacura, La Reina, Pe\u00f1alolen, San Joaqu\u00edn, La Cisterna, Lo Prado, Cerro Navia, Maip\u00fa, Lo Barnechea, Santiago Centro, Recoleta, Cerrillos, La Granja, Pedro Aguirre Cerda, El Bosque, Pudahuel, Providencia, Huechuraba, San Miguel, Conchal\u00ed, La Florida, Quinta Normal, Renca y Quilicura.<\/p>\n<p>Por compras inferiores a $30.000 y superiores a $10.000 en las comunas antes mencionadas el costo de despacho ser\u00e1 de $1.990; y para compras inferiores a $10.000 el costo de despacho ser\u00e1 de 4.990.<\/p>\n<p>En caso de ser una empresa o vivir fuera de Santiago, y muestras inter\u00e9s en nuestros productos, favor escr\u00edbenos a: contacto@insumosintegrales.cl y nos pondremos en contacto contigo para ayudarte en lo que estimes conveniente.<\/p>\t\t\t\t\t\t\t\t<\/div>\n\t\t\t\t\t<\/div>\n\t\t\t\t<\/div>\n\t\t\t\t<\/div>\n\t\t","protected":false},"excerpt":{"rendered":"<p>Pol\u00edticas de Despacho Insumos Integrales SpA Dentro de nuestro compromiso es llegar lo m\u00e1s pronto posible a todas las comunas de la Regi\u00f3n Metropolitana. Para eso insumosintegrales.cl realiza el despacho dentro de las 24 horas h\u00e1biles siguiente a la confirmaci\u00f3n de la compra en las siguientes comunas: Las Condes, \u00d1u\u00f1oa, Macul, Independencia, Estaci\u00f3n Central, Lo [&hellip;]<\/p>\n","protected":false},"author":1,"featured_media":0,"parent":0,"menu_order":0,"comment_status":"closed","ping_status":"closed","template":"","meta":{"footnotes":""},"class_list":["post-1987","page","type-page","status-publish","hentry"],"blocksy_meta":[],"_links":{"self":[{"href":"https:\/\/insumosintegrales.cl\/wordpress_I\/wp-json\/wp\/v2\/pages\/1987","targetHints":{"allow":["GET"]}}],"collection":[{"href":"https:\/\/insumosintegrales.cl\/wordpress_I\/wp-json\/wp\/v2\/pages"}],"about":[{"href":"https:\/\/insumosintegrales.cl\/wordpress_I\/wp-json\/wp\/v2\/types\/page"}],"author":[{"embeddable":true,"href":"https:\/\/insumosintegrales.cl\/wordpress_I\/wp-json\/wp\/v2\/users\/1"}],"replies":[{"embeddable":true,"href":"https:\/\/insumosintegrales.cl\/wordpress_I\/wp-json\/wp\/v2\/comments?post=1987"}],"version-history":[{"count":16,"href":"https:\/\/insumosintegrales.cl\/wordpress_I\/wp-json\/wp\/v2\/pages\/1987\/revisions"}],"predecessor-version":[{"id":3099,"href":"https:\/\/insumosintegrales.cl\/wordpress_I\/wp-json\/wp\/v2\/pages\/1987\/revisions\/3099"}],"wp:attachment":[{"href":"https:\/\/insumosintegrales.cl\/wordpress_I\/wp-json\/wp\/v2\/media?parent=1987"}],"curies":[{"name":"wp","href":"https:\/\/api.w.org\/{rel}","templated":true}]}}