{"id":1988,"date":"2025-09-10T18:07:22","date_gmt":"2025-09-10T18:07:22","guid":{"rendered":"https:\/\/insumosintegrales.cl\/wordpress_I\/?page_id=1988"},"modified":"2025-09-22T00:45:27","modified_gmt":"2025-09-22T00:45:27","slug":"politicas-de-privacidad","status":"publish","type":"page","link":"https:\/\/insumosintegrales.cl\/wordpress_I\/politicas-de-privacidad\/","title":{"rendered":"Pol\u00edticas de Privacidad"},"content":{"rendered":"\t\t<div data-elementor-type=\"wp-page\" data-elementor-id=\"1988\" class=\"elementor elementor-1988\">\n\t\t\t\t<div class=\"elementor-element elementor-element-ce03ddb e-con-full e-flex e-con e-parent\" data-id=\"ce03ddb\" data-element_type=\"container\" data-e-type=\"container\" data-settings=\"{&quot;background_background&quot;:&quot;classic&quot;}\">\n\t\t<div class=\"elementor-element elementor-element-b703d0f e-con-full e-flex e-con e-child\" data-id=\"b703d0f\" data-element_type=\"container\" data-e-type=\"container\">\n\t\t\t\t<div class=\"elementor-element elementor-element-e2eb589 elementor-widget elementor-widget-heading\" data-id=\"e2eb589\" data-element_type=\"widget\" data-e-type=\"widget\" data-widget_type=\"heading.default\">\n\t\t\t\t\t<h1 class=\"elementor-heading-title elementor-size-default\">Pol\u00edtica de Privacidad<\/h1>\t\t\t\t<\/div>\n\t\t\t\t<div class=\"elementor-element elementor-element-14d19de elementor-widget__width-initial elementor-widget elementor-widget-text-editor\" data-id=\"14d19de\" data-element_type=\"widget\" data-e-type=\"widget\" data-widget_type=\"text-editor.default\">\n\t\t\t\t\t\t\t\t\t<p style=\"text-align: right;\">Insumos Integrales SpA<\/p>\t\t\t\t\t\t\t\t<\/div>\n\t\t\t\t<\/div>\n\t\t\t\t<\/div>\n\t\t<div class=\"elementor-element elementor-element-3cb31a3 e-con-full e-flex e-con e-parent\" data-id=\"3cb31a3\" data-element_type=\"container\" data-e-type=\"container\">\n\t\t\t\t<div class=\"elementor-element elementor-element-7e36a06 elementor-widget elementor-widget-spacer\" data-id=\"7e36a06\" data-element_type=\"widget\" data-e-type=\"widget\" data-widget_type=\"spacer.default\">\n\t\t\t\t\t\t\t<div class=\"elementor-spacer\">\n\t\t\t<div class=\"elementor-spacer-inner\"><\/div>\n\t\t<\/div>\n\t\t\t\t\t\t<\/div>\n\t\t\t\t<\/div>\n\t\t<div class=\"elementor-element elementor-element-59c691a e-flex e-con-boxed e-con e-parent\" data-id=\"59c691a\" data-element_type=\"container\" data-e-type=\"container\">\n\t\t\t\t\t<div class=\"e-con-inner\">\n\t\t\t\t<div class=\"elementor-element elementor-element-aa0bdf4 elementor-widget elementor-widget-text-editor\" data-id=\"aa0bdf4\" data-element_type=\"widget\" data-e-type=\"widget\" data-widget_type=\"text-editor.default\">\n\t\t\t\t\t\t\t\t\t<p>1. Todas las transacciones realizadas en www.insumosintegrales.cl, viajan a trav\u00e9s de Internet en forma encriptada v\u00eda\u00a0<strong>SSL (Secure Socket Layer)<\/strong>, que asegura la confidencialidad del mensaje y evita que sean interceptadas para usos fraudulentos. Este es el est\u00e1ndar mundial usado por las principales compa\u00f1\u00edas internacionales para realizar transacciones electr\u00f3nicas seguras. As\u00ed te aseguramos que toda tu informaci\u00f3n personal, como nombre, e-mail y direcci\u00f3n, no podr\u00e1 ser le\u00edda ni capturada por terceros mientras viaja por la red.\u00a0<\/p><p>2. La informaci\u00f3n solicitada en nuestro formulario de registro pide a los usuarios informaci\u00f3n como nombre, direcci\u00f3n electr\u00f3nica, direcci\u00f3n f\u00edsica y n\u00famero telef\u00f3nico. Esta informaci\u00f3n, es usada para el despacho de los pedidos y para responder las consultas acerca de nuestros productos y servicios.\u00a0<strong>Bajo ninguna circunstancia, esta informaci\u00f3n es compartida con empresas no relacionadas con insumosintegrales.cl o con terceros.<\/strong>\u00a0<\/p><p>3. El usuario autoriza el env\u00edo de comunicaciones promocionales o publicitarias enviadas por correo electr\u00f3nico, sin perjuicio de lo anterior, en cualquier momento, el usuario podr\u00e1 solicitar la suspensi\u00f3n de las mismas, haciendo click en el link dispuesto en los mails promocionales.\u00a0<\/p><p>4. El usuario registrado podr\u00e1 ejercer sus derechos de informaci\u00f3n, modificaci\u00f3n, eliminaci\u00f3n, cancelaci\u00f3n y\/o bloqueo de sus datos personales cuando lo estime pertinente, seg\u00fan lo establecido en la Ley No 19.628 sobre Protecci\u00f3n de la Vida Privada. Fresandclean.cl pone a disposici\u00f3n del usuario una direcci\u00f3n de correo electr\u00f3nico y los medios tecnol\u00f3gicos en el sitio a disposici\u00f3n de \u00e9ste a efectos que se puedan modificar y\/o corregir sus datos personales.\u00a0<\/p><p>5. Nuestro sitio web puede contener links a otros sitios, InsumosIntegrales.cl no es responsable de las pr\u00e1cticas de seguridad o privacidad, o el contenido de esos sitios.<\/p>\t\t\t\t\t\t\t\t<\/div>\n\t\t\t\t\t<\/div>\n\t\t\t\t<\/div>\n\t\t\t\t<\/div>\n\t\t","protected":false},"excerpt":{"rendered":"<p>Pol\u00edtica de Privacidad Insumos Integrales SpA 1. Todas las transacciones realizadas en www.insumosintegrales.cl, viajan a trav\u00e9s de Internet en forma encriptada v\u00eda\u00a0SSL (Secure Socket Layer), que asegura la confidencialidad del mensaje y evita que sean interceptadas para usos fraudulentos. Este es el est\u00e1ndar mundial usado por las principales compa\u00f1\u00edas internacionales para realizar transacciones electr\u00f3nicas seguras. [&hellip;]<\/p>\n","protected":false},"author":1,"featured_media":0,"parent":0,"menu_order":0,"comment_status":"closed","ping_status":"closed","template":"","meta":{"footnotes":""},"class_list":["post-1988","page","type-page","status-publish","hentry"],"blocksy_meta":[],"_links":{"self":[{"href":"https:\/\/insumosintegrales.cl\/wordpress_I\/wp-json\/wp\/v2\/pages\/1988","targetHints":{"allow":["GET"]}}],"collection":[{"href":"https:\/\/insumosintegrales.cl\/wordpress_I\/wp-json\/wp\/v2\/pages"}],"about":[{"href":"https:\/\/insumosintegrales.cl\/wordpress_I\/wp-json\/wp\/v2\/types\/page"}],"author":[{"embeddable":true,"href":"https:\/\/insumosintegrales.cl\/wordpress_I\/wp-json\/wp\/v2\/users\/1"}],"replies":[{"embeddable":true,"href":"https:\/\/insumosintegrales.cl\/wordpress_I\/wp-json\/wp\/v2\/comments?post=1988"}],"version-history":[{"count":19,"href":"https:\/\/insumosintegrales.cl\/wordpress_I\/wp-json\/wp\/v2\/pages\/1988\/revisions"}],"predecessor-version":[{"id":2896,"href":"https:\/\/insumosintegrales.cl\/wordpress_I\/wp-json\/wp\/v2\/pages\/1988\/revisions\/2896"}],"wp:attachment":[{"href":"https:\/\/insumosintegrales.cl\/wordpress_I\/wp-json\/wp\/v2\/media?parent=1988"}],"curies":[{"name":"wp","href":"https:\/\/api.w.org\/{rel}","templated":true}]}}