{"id":1990,"date":"2025-09-10T18:07:42","date_gmt":"2025-09-10T18:07:42","guid":{"rendered":"https:\/\/insumosintegrales.cl\/wordpress_I\/?page_id=1990"},"modified":"2025-09-22T00:44:51","modified_gmt":"2025-09-22T00:44:51","slug":"terminos-y-condiciones","status":"publish","type":"page","link":"https:\/\/insumosintegrales.cl\/wordpress_I\/terminos-y-condiciones\/","title":{"rendered":"Terminos y Condiciones"},"content":{"rendered":"\t\t<div data-elementor-type=\"wp-page\" data-elementor-id=\"1990\" class=\"elementor elementor-1990\">\n\t\t\t\t<div class=\"elementor-element elementor-element-3b925784 e-con-full e-flex e-con e-parent\" data-id=\"3b925784\" data-element_type=\"container\" data-e-type=\"container\" data-settings=\"{&quot;background_background&quot;:&quot;classic&quot;}\">\n\t\t<div class=\"elementor-element elementor-element-3343dd86 e-con-full e-flex e-con e-child\" data-id=\"3343dd86\" data-element_type=\"container\" data-e-type=\"container\">\n\t\t\t\t<div class=\"elementor-element elementor-element-1dda3f9e elementor-widget elementor-widget-heading\" data-id=\"1dda3f9e\" data-element_type=\"widget\" data-e-type=\"widget\" data-widget_type=\"heading.default\">\n\t\t\t\t\t<h1 class=\"elementor-heading-title elementor-size-default\">T\u00e9rminos y Condiciones<\/h1>\t\t\t\t<\/div>\n\t\t\t\t<div class=\"elementor-element elementor-element-76994e2d elementor-widget__width-initial elementor-widget elementor-widget-text-editor\" data-id=\"76994e2d\" data-element_type=\"widget\" data-e-type=\"widget\" data-widget_type=\"text-editor.default\">\n\t\t\t\t\t\t\t\t\t<p style=\"text-align: right;\">Insumos Integrales SpA<\/p>\t\t\t\t\t\t\t\t<\/div>\n\t\t\t\t<\/div>\n\t\t\t\t<\/div>\n\t\t<div class=\"elementor-element elementor-element-749a90ed e-con-full e-flex e-con e-parent\" data-id=\"749a90ed\" data-element_type=\"container\" data-e-type=\"container\">\n\t\t\t\t<div class=\"elementor-element elementor-element-22bdb731 elementor-widget elementor-widget-spacer\" data-id=\"22bdb731\" data-element_type=\"widget\" data-e-type=\"widget\" data-widget_type=\"spacer.default\">\n\t\t\t\t\t\t\t<div class=\"elementor-spacer\">\n\t\t\t<div class=\"elementor-spacer-inner\"><\/div>\n\t\t<\/div>\n\t\t\t\t\t\t<\/div>\n\t\t\t\t<\/div>\n\t\t<div class=\"elementor-element elementor-element-7b279f1b e-flex e-con-boxed e-con e-parent\" data-id=\"7b279f1b\" data-element_type=\"container\" data-e-type=\"container\">\n\t\t\t\t\t<div class=\"e-con-inner\">\n\t\t\t\t<div class=\"elementor-element elementor-element-55b83874 elementor-widget elementor-widget-text-editor\" data-id=\"55b83874\" data-element_type=\"widget\" data-e-type=\"widget\" data-widget_type=\"text-editor.default\">\n\t\t\t\t\t\t\t\t\t<div class=\"container\"><div class=\"vc_row wpb_row vc_row-fluid\"><div class=\"wpb_column vc_column_container vc_col-sm-12\"><div class=\"vc_column-inner \"><div class=\"wpb_wrapper\"><div class=\"wpb_text_column wpb_content_element \"><div class=\"wpb_wrapper\"><p><strong>ASPECTOS GENERALES<\/strong><\/p><p>En el presente documento, se establecen los t\u00e9rminos y condiciones de Insumos Integrales SpA, con domicilio en Avda. General Bustamante 743 oficina 904, que dicho acceso y uso de este sitio web se rige por los t\u00e9rminos y condiciones descritos a continuaci\u00f3n, as\u00ed como por la legislaci\u00f3n que se aplique en la Rep\u00fablica de Chile. Al acceder, consultar o utilizar el Sitio Web aceptan cumplir los t\u00e9rminos y condiciones establecidos en este contrato y transacciones que realice un cliente de insumosintegrales.cl, en adelante, el usuario, en <a href=\"https:\/\/www.freshandclean.cl\/\">www.insumosintegrales.cl<\/a>, en adelante el sitio, como asimismo sus efectos jur\u00eddicos, quedar\u00e1n regidos por estas reglas y sometidas a esa legislaci\u00f3n.<\/p><\/div><\/div><\/div><\/div><\/div><\/div><\/div><div class=\"container\"><div class=\"vc_row wpb_row vc_row-fluid\"><div class=\"wpb_column vc_column_container vc_col-sm-12\"><div class=\"vc_column-inner \"><div class=\"wpb_wrapper\"><div class=\"wpb_text_column wpb_content_element \"><div class=\"wpb_wrapper\"><p><strong>\u00a0 \u00a0 \u00a0 1. Uso de datos personales<\/strong><\/p><p>La informaci\u00f3n entregada por el usuario ser\u00e1 almacenada bajo altos est\u00e1ndares de seguridad, tratada en conformidad a la ley y con el exclusivo prop\u00f3sito de concretar las transacciones en el sitio y mejorar la labor de informaci\u00f3n y comercializaci\u00f3n de los productos ofrecidos. En ning\u00fan caso podr\u00e1n comunicarse o cederse a terceros, salvo a personas o empresas relacionadas con insumosintegrales.cl.<\/p><p>El usuario registrado podr\u00e1 ejercer sus derechos de informaci\u00f3n, modificaci\u00f3n, eliminaci\u00f3n, cancelaci\u00f3n y\/o bloqueo de sus datos personales cuando lo estime pertinente, seg\u00fan lo establecido en la Ley No 19.628 sobre Protecci\u00f3n de la Vida Privada.<\/p><p>Insumos Integrales SpA, pone a disposici\u00f3n del usuario una direcci\u00f3n de correo electr\u00f3nico y los medios tecnol\u00f3gicos en el sitio a disposici\u00f3n de \u00e9ste a efectos que se puedan modificar y\/o corregir sus datos personales.<\/p><p><strong>\u00a0 \u00a0 \u00a0 2. Uso del sitio<\/strong><\/p><p>En insumosintegrales.cl puedes realizar tus compras online y elegir una amplia gama de productos relacionado con el aseo.<\/p><p><strong>\u00a0 \u00a0 \u00a03. Medios de pago<\/strong><\/p><p>Los productos ofrecidos en este sitio, salvo que se se\u00f1ale una forma diferente para casos particulares u ofertas de determinados productos, s\u00f3lo pueden ser pagados con:<\/p><p>a) Transferencia bancaria o dep\u00f3sito bancario a la cuenta de la empresa.<\/p><p>b) Otros medios de pago que eventualmente puedan ser aceptados en el futuro, de lo cual se informar\u00e1 oportunamente en la web.<\/p><p><strong>\u00a0 \u00a0 \u00a04. Pol\u00edtica de cambio y devoluci\u00f3n de productos<\/strong><\/p><p><strong>\u00a0<\/strong>Para\u00a0<strong>Insumos Integrales SpA,<\/strong> nuestra prioridad es que te sientas satisfecho con tus compras y respaldado por la atenci\u00f3n que damos a nuestros clientes, es por esto que los usuarios o clientes podr\u00e1n solicitar devoluciones o cambios, dentro del territorio de Chile continental, conforme a lo establecido en la Ley 19.496 sobre Protecci\u00f3n de Derechos de los Consumidores. En caso de que la causa que motiva la petici\u00f3n de cambio o devoluci\u00f3n no est\u00e9 contemplada en dicha normativa, Insumos Integrales SpA se compromete a revisar cada caso y evaluar una soluci\u00f3n que pueda dejar satisfecho al cliente, siempre que la solicitud se realice dentro de las 24 horas siguientes a la recepci\u00f3n del producto.<\/p><p>Si el cliente lo desea, considerando lo indicado en el p\u00e1rrafo precedente, el cambio de un producto a domicilio deber\u00e1 contactarse al correo <a href=\"mailto:contacto@insumosintegrales.cl\">contacto@insumosintegrales.cl<\/a>. El cliente ser\u00e1 contactado para confirmar la solicitud y coordinar d\u00eda y rango horario de gesti\u00f3n.<\/p><p><strong><u>T\u00e9rminos de cambio y devoluciones:<\/u><\/strong><\/p><p>a) Que la solicitud sea dentro de las 24 horas siguientes a la recepci\u00f3n del pedido entregado en el domicilio, puedes hacerlo v\u00eda correo electr\u00f3nico o contacto telef\u00f3nico que el cliente estime conveniente.<\/p><p>b) Al momento de la compra el cliente se da cuenta de que hay un error en su pedido, puede comunicarse al siguiente n\u00famero +56 9 5770 9617 o v\u00eda whatsapp del mismo n\u00famero, para modificar el error y se agregue o elimine alg\u00fan producto\u00a0<strong>sin costo adicional<\/strong>.<strong><br \/><\/strong><\/p><p><strong>\u00a0 \u00a0 \u00a05. Validez de ofertas y\/o promociones<\/strong><\/p><p>Los precios de los productos, mientras aparezcan en \u00e9l, es decir insumosintegrales.cl, s\u00f3lo tendr\u00e1n vigencia y se aplicar\u00e1n en \u00e9ste sitio, y no ser\u00e1n necesariamente aplicables a otros canales de ventas utilizados por las empresas relacionadas a Insumos Integrales SpA, tales como: cat\u00e1logos u otros medios de comunicaci\u00f3n. Insumos Integrales SpA podr\u00e1 modificar la informaci\u00f3n adjunta en dicho sitio relacionada a las mercader\u00edas, precios u otros sin previo aviso, respetando las compras hasta el momento de una nueva modificaci\u00f3n.<\/p><p><strong>\u00a0 \u00a0 \u00a06.Despacho de los productos<\/strong><\/p><p>Todos los productos adquiridos por los usuarios y\/o clientes a trav\u00e9s del sitio web estar\u00e1n sujetos a las condiciones de despacho de la empresa informada por la p\u00e1gina web. La informaci\u00f3n del lugar de env\u00edo es de exclusiva responsabilidad del usuario.<\/p><p><strong>NOTA IMPORTANTE:\u00a0<\/strong>Favor informar si hay alg\u00fan inconveniente con la entrega de productos en recepci\u00f3n, dado que en algunos condominios no se puede entregar encomienda si no se encuentra el propietario.<\/p><p><strong>\u00a0 \u00a0 \u00a07. Comunicaci\u00f3n de promociones o publicitaria<\/strong><\/p><p>El cliente autoriza el env\u00edo de avisos promocionales o propagand\u00edsticos por correo electr\u00f3nico, dado lo anterior, el cliente en cualquier momento podr\u00e1 solicitar la anulaci\u00f3n o suspensi\u00f3n de las mismas, enviando un correo a\u00a0<a href=\"mailto:contacto@insumosintegrales.cl\">contacto@insumosintegrales.cl<\/a>.<\/p><p><strong>\u00a0 \u00a0 \u00a08. Representante del proveedor<\/strong><\/p><p>Para facilitar el env\u00edo de cualquier representaci\u00f3n, consulta o reclamo sobre el uso del sitio que en \u00e9l se realicen debe ser presentada al correo\u00a0<a href=\"mailto: contacto@insumosintegrales.cl\">contacto@ insumos integrales.cl<\/a>; direcci\u00f3n Avda. General Bustamante 743 oficina 904 o al tel\u00e9fono +56 9 5770 9617.<\/p><p><strong>\u00a0 \u00a0 \u00a09. Re Limitaci\u00f3n de responsabilidad<\/strong><\/p><p>Insumosintegrales.cl no se responsabiliza frente a los usuarios o terceros por los da\u00f1os y perjuicios que sean consecuencia directa o indirecta de la interrupci\u00f3n, suspensi\u00f3n o finalizaci\u00f3n de los servicios ofrecidos por el sitio.<\/p><p><strong>\u00a0 \u00a0 \u00a010. Representante Legal<\/strong><\/p><p>Nombre del Representante Legal: B\u00e1rbara Paz Canaves Lagos<\/p><p>Direcci\u00f3n: Avda. General Bustamante 743 oficina 904 \u00d1u\u00f1oa<\/p><\/div><\/div><\/div><\/div><\/div><\/div><\/div>\t\t\t\t\t\t\t\t<\/div>\n\t\t\t\t\t<\/div>\n\t\t\t\t<\/div>\n\t\t\t\t<\/div>\n\t\t","protected":false},"excerpt":{"rendered":"<p>T\u00e9rminos y Condiciones Insumos Integrales SpA ASPECTOS GENERALES En el presente documento, se establecen los t\u00e9rminos y condiciones de Insumos Integrales SpA, con domicilio en Avda. General Bustamante 743 oficina 904, que dicho acceso y uso de este sitio web se rige por los t\u00e9rminos y condiciones descritos a continuaci\u00f3n, as\u00ed como por la legislaci\u00f3n [&hellip;]<\/p>\n","protected":false},"author":1,"featured_media":0,"parent":0,"menu_order":0,"comment_status":"closed","ping_status":"closed","template":"","meta":{"footnotes":""},"class_list":["post-1990","page","type-page","status-publish","hentry"],"blocksy_meta":[],"_links":{"self":[{"href":"https:\/\/insumosintegrales.cl\/wordpress_I\/wp-json\/wp\/v2\/pages\/1990","targetHints":{"allow":["GET"]}}],"collection":[{"href":"https:\/\/insumosintegrales.cl\/wordpress_I\/wp-json\/wp\/v2\/pages"}],"about":[{"href":"https:\/\/insumosintegrales.cl\/wordpress_I\/wp-json\/wp\/v2\/types\/page"}],"author":[{"embeddable":true,"href":"https:\/\/insumosintegrales.cl\/wordpress_I\/wp-json\/wp\/v2\/users\/1"}],"replies":[{"embeddable":true,"href":"https:\/\/insumosintegrales.cl\/wordpress_I\/wp-json\/wp\/v2\/comments?post=1990"}],"version-history":[{"count":13,"href":"https:\/\/insumosintegrales.cl\/wordpress_I\/wp-json\/wp\/v2\/pages\/1990\/revisions"}],"predecessor-version":[{"id":2893,"href":"https:\/\/insumosintegrales.cl\/wordpress_I\/wp-json\/wp\/v2\/pages\/1990\/revisions\/2893"}],"wp:attachment":[{"href":"https:\/\/insumosintegrales.cl\/wordpress_I\/wp-json\/wp\/v2\/media?parent=1990"}],"curies":[{"name":"wp","href":"https:\/\/api.w.org\/{rel}","templated":true}]}}