{"id":2033,"date":"2025-09-14T01:20:11","date_gmt":"2025-09-14T01:20:11","guid":{"rendered":"https:\/\/insumosintegrales.cl\/wordpress_I\/?post_type=product&#038;p=2033"},"modified":"2025-09-18T00:28:48","modified_gmt":"2025-09-18T00:28:48","slug":"papel-fotocopia-75-gr-oficio-ovella-500-h","status":"publish","type":"product","link":"https:\/\/insumosintegrales.cl\/wordpress_I\/producto\/papel-fotocopia-75-gr-oficio-ovella-500-h\/","title":{"rendered":"Papel Fotocopia 75 gr. Oficio Ovella 500 h."},"content":{"rendered":"","protected":false},"excerpt":{"rendered":"<p>Nuestra Resma Tama\u00f1o oficio 75g Ovella es el papel bond blanco perfecto para todas tus necesidades de impresi\u00f3n y escritura. Este papel de alta calidad est\u00e1 dise\u00f1ado especialmente para brindar una experiencia de escritura suave y eficiente.<\/p>\n","protected":false},"featured_media":2619,"comment_status":"closed","ping_status":"closed","template":"","meta":[],"product_brand":[],"product_cat":[18],"product_tag":[],"class_list":{"0":"post-2033","1":"product","2":"type-product","3":"status-publish","4":"has-post-thumbnail","6":"product_cat-articulos-de-oficina","8":"first","9":"instock","10":"taxable","11":"shipping-taxable","12":"purchasable","13":"product-type-simple"},"_links":{"self":[{"href":"https:\/\/insumosintegrales.cl\/wordpress_I\/wp-json\/wp\/v2\/product\/2033","targetHints":{"allow":["GET"]}}],"collection":[{"href":"https:\/\/insumosintegrales.cl\/wordpress_I\/wp-json\/wp\/v2\/product"}],"about":[{"href":"https:\/\/insumosintegrales.cl\/wordpress_I\/wp-json\/wp\/v2\/types\/product"}],"replies":[{"embeddable":true,"href":"https:\/\/insumosintegrales.cl\/wordpress_I\/wp-json\/wp\/v2\/comments?post=2033"}],"version-history":[{"count":0,"href":"https:\/\/insumosintegrales.cl\/wordpress_I\/wp-json\/wp\/v2\/product\/2033\/revisions"}],"wp:featuredmedia":[{"embeddable":true,"href":"https:\/\/insumosintegrales.cl\/wordpress_I\/wp-json\/wp\/v2\/media\/2619"}],"wp:attachment":[{"href":"https:\/\/insumosintegrales.cl\/wordpress_I\/wp-json\/wp\/v2\/media?parent=2033"}],"wp:term":[{"taxonomy":"product_brand","embeddable":true,"href":"https:\/\/insumosintegrales.cl\/wordpress_I\/wp-json\/wp\/v2\/product_brand?post=2033"},{"taxonomy":"product_cat","embeddable":true,"href":"https:\/\/insumosintegrales.cl\/wordpress_I\/wp-json\/wp\/v2\/product_cat?post=2033"},{"taxonomy":"product_tag","embeddable":true,"href":"https:\/\/insumosintegrales.cl\/wordpress_I\/wp-json\/wp\/v2\/product_tag?post=2033"}],"curies":[{"name":"wp","href":"https:\/\/api.w.org\/{rel}","templated":true}]}}