{"id":2063,"date":"2025-09-14T01:20:33","date_gmt":"2025-09-14T01:20:33","guid":{"rendered":"https:\/\/insumosintegrales.cl\/wordpress_I\/?post_type=product&#038;p=2063"},"modified":"2025-09-18T00:07:54","modified_gmt":"2025-09-18T00:07:54","slug":"repuesto-mopa-hogar-200-gr","status":"publish","type":"product","link":"https:\/\/insumosintegrales.cl\/wordpress_I\/producto\/repuesto-mopa-hogar-200-gr\/","title":{"rendered":"Repuesto Mopa Hogar 200 gr."},"content":{"rendered":"<p>Confeccionada con materiales de alta calidad, esta mopa cuenta con un dise\u00f1o resistente y duradero que garantiza un rendimiento excepcional. Su tama\u00f1o y peso, con 200g, la convierten en una opci\u00f3n pr\u00e1ctica y manejable, permiti\u00e9ndote alcanzar incluso los rincones m\u00e1s dif\u00edciles de limpiar.<\/p>\n","protected":false},"excerpt":{"rendered":"<p>Mopa Repuesto Hogar 200g.<\/p>\n","protected":false},"featured_media":2605,"comment_status":"closed","ping_status":"closed","template":"","meta":[],"product_brand":[],"product_cat":[20,29],"product_tag":[],"class_list":{"0":"post-2063","1":"product","2":"type-product","3":"status-publish","4":"has-post-thumbnail","6":"product_cat-accesorios-de-aseo","7":"product_cat-pisos-y-muebles","9":"first","10":"instock","11":"taxable","12":"shipping-taxable","13":"purchasable","14":"product-type-simple"},"_links":{"self":[{"href":"https:\/\/insumosintegrales.cl\/wordpress_I\/wp-json\/wp\/v2\/product\/2063","targetHints":{"allow":["GET"]}}],"collection":[{"href":"https:\/\/insumosintegrales.cl\/wordpress_I\/wp-json\/wp\/v2\/product"}],"about":[{"href":"https:\/\/insumosintegrales.cl\/wordpress_I\/wp-json\/wp\/v2\/types\/product"}],"replies":[{"embeddable":true,"href":"https:\/\/insumosintegrales.cl\/wordpress_I\/wp-json\/wp\/v2\/comments?post=2063"}],"version-history":[{"count":1,"href":"https:\/\/insumosintegrales.cl\/wordpress_I\/wp-json\/wp\/v2\/product\/2063\/revisions"}],"predecessor-version":[{"id":2659,"href":"https:\/\/insumosintegrales.cl\/wordpress_I\/wp-json\/wp\/v2\/product\/2063\/revisions\/2659"}],"wp:featuredmedia":[{"embeddable":true,"href":"https:\/\/insumosintegrales.cl\/wordpress_I\/wp-json\/wp\/v2\/media\/2605"}],"wp:attachment":[{"href":"https:\/\/insumosintegrales.cl\/wordpress_I\/wp-json\/wp\/v2\/media?parent=2063"}],"wp:term":[{"taxonomy":"product_brand","embeddable":true,"href":"https:\/\/insumosintegrales.cl\/wordpress_I\/wp-json\/wp\/v2\/product_brand?post=2063"},{"taxonomy":"product_cat","embeddable":true,"href":"https:\/\/insumosintegrales.cl\/wordpress_I\/wp-json\/wp\/v2\/product_cat?post=2063"},{"taxonomy":"product_tag","embeddable":true,"href":"https:\/\/insumosintegrales.cl\/wordpress_I\/wp-json\/wp\/v2\/product_tag?post=2063"}],"curies":[{"name":"wp","href":"https:\/\/api.w.org\/{rel}","templated":true}]}}