{"id":2124,"date":"2025-09-14T01:21:21","date_gmt":"2025-09-14T01:21:21","guid":{"rendered":"https:\/\/insumosintegrales.cl\/wordpress_I\/?post_type=product&#038;p=2124"},"modified":"2025-09-17T23:35:33","modified_gmt":"2025-09-17T23:35:33","slug":"azucar-iansa-1-kilo","status":"publish","type":"product","link":"https:\/\/insumosintegrales.cl\/wordpress_I\/producto\/azucar-iansa-1-kilo\/","title":{"rendered":"Azucar Iansa 1 Kilo"},"content":{"rendered":"<p>Az\u00facar blanca Iansa es ideal para acompa\u00f1ar las mejores preparaciones. Desde un rico caf\u00e9 en la ma\u00f1ana hasta un rico postre familiar.<\/p>\n","protected":false},"excerpt":{"rendered":"<p>Envase de 1 K.<\/p>\n","protected":false},"featured_media":2497,"comment_status":"closed","ping_status":"closed","template":"","meta":[],"product_brand":[],"product_cat":[26],"product_tag":[],"class_list":{"0":"post-2124","1":"product","2":"type-product","3":"status-publish","4":"has-post-thumbnail","6":"product_cat-despensa","8":"first","9":"instock","10":"taxable","11":"shipping-taxable","12":"purchasable","13":"product-type-simple"},"_links":{"self":[{"href":"https:\/\/insumosintegrales.cl\/wordpress_I\/wp-json\/wp\/v2\/product\/2124","targetHints":{"allow":["GET"]}}],"collection":[{"href":"https:\/\/insumosintegrales.cl\/wordpress_I\/wp-json\/wp\/v2\/product"}],"about":[{"href":"https:\/\/insumosintegrales.cl\/wordpress_I\/wp-json\/wp\/v2\/types\/product"}],"replies":[{"embeddable":true,"href":"https:\/\/insumosintegrales.cl\/wordpress_I\/wp-json\/wp\/v2\/comments?post=2124"}],"version-history":[{"count":0,"href":"https:\/\/insumosintegrales.cl\/wordpress_I\/wp-json\/wp\/v2\/product\/2124\/revisions"}],"wp:featuredmedia":[{"embeddable":true,"href":"https:\/\/insumosintegrales.cl\/wordpress_I\/wp-json\/wp\/v2\/media\/2497"}],"wp:attachment":[{"href":"https:\/\/insumosintegrales.cl\/wordpress_I\/wp-json\/wp\/v2\/media?parent=2124"}],"wp:term":[{"taxonomy":"product_brand","embeddable":true,"href":"https:\/\/insumosintegrales.cl\/wordpress_I\/wp-json\/wp\/v2\/product_brand?post=2124"},{"taxonomy":"product_cat","embeddable":true,"href":"https:\/\/insumosintegrales.cl\/wordpress_I\/wp-json\/wp\/v2\/product_cat?post=2124"},{"taxonomy":"product_tag","embeddable":true,"href":"https:\/\/insumosintegrales.cl\/wordpress_I\/wp-json\/wp\/v2\/product_tag?post=2124"}],"curies":[{"name":"wp","href":"https:\/\/api.w.org\/{rel}","templated":true}]}}