{"id":2125,"date":"2025-09-14T01:21:21","date_gmt":"2025-09-14T01:21:21","guid":{"rendered":"https:\/\/insumosintegrales.cl\/wordpress_I\/?post_type=product&#038;p=2125"},"modified":"2025-09-17T23:30:03","modified_gmt":"2025-09-17T23:30:03","slug":"cafe-nescafe-fina-seleccion-200-gr","status":"publish","type":"product","link":"https:\/\/insumosintegrales.cl\/wordpress_I\/producto\/cafe-nescafe-fina-seleccion-200-gr\/","title":{"rendered":"Caf\u00e9 Nescaf\u00e9 Fina Selecci\u00f3n 200 gr."},"content":{"rendered":"<p>Caf\u00e9 Nescaf\u00e9 fina selecci\u00f3n, es un caf\u00e9 instant\u00e1neo con granos ar\u00e1bica\u00a0 tostado y molidos con mejor aroma y sabor. Formato 200g<\/p>\n","protected":false},"excerpt":{"rendered":"<p>Caf\u00e9 fina selecci\u00f3n<\/p>\n","protected":false},"featured_media":2511,"comment_status":"closed","ping_status":"closed","template":"","meta":[],"product_brand":[],"product_cat":[26],"product_tag":[],"class_list":{"0":"post-2125","1":"product","2":"type-product","3":"status-publish","4":"has-post-thumbnail","6":"product_cat-despensa","8":"first","9":"instock","10":"taxable","11":"shipping-taxable","12":"purchasable","13":"product-type-simple"},"_links":{"self":[{"href":"https:\/\/insumosintegrales.cl\/wordpress_I\/wp-json\/wp\/v2\/product\/2125","targetHints":{"allow":["GET"]}}],"collection":[{"href":"https:\/\/insumosintegrales.cl\/wordpress_I\/wp-json\/wp\/v2\/product"}],"about":[{"href":"https:\/\/insumosintegrales.cl\/wordpress_I\/wp-json\/wp\/v2\/types\/product"}],"replies":[{"embeddable":true,"href":"https:\/\/insumosintegrales.cl\/wordpress_I\/wp-json\/wp\/v2\/comments?post=2125"}],"version-history":[{"count":0,"href":"https:\/\/insumosintegrales.cl\/wordpress_I\/wp-json\/wp\/v2\/product\/2125\/revisions"}],"wp:featuredmedia":[{"embeddable":true,"href":"https:\/\/insumosintegrales.cl\/wordpress_I\/wp-json\/wp\/v2\/media\/2511"}],"wp:attachment":[{"href":"https:\/\/insumosintegrales.cl\/wordpress_I\/wp-json\/wp\/v2\/media?parent=2125"}],"wp:term":[{"taxonomy":"product_brand","embeddable":true,"href":"https:\/\/insumosintegrales.cl\/wordpress_I\/wp-json\/wp\/v2\/product_brand?post=2125"},{"taxonomy":"product_cat","embeddable":true,"href":"https:\/\/insumosintegrales.cl\/wordpress_I\/wp-json\/wp\/v2\/product_cat?post=2125"},{"taxonomy":"product_tag","embeddable":true,"href":"https:\/\/insumosintegrales.cl\/wordpress_I\/wp-json\/wp\/v2\/product_tag?post=2125"}],"curies":[{"name":"wp","href":"https:\/\/api.w.org\/{rel}","templated":true}]}}