{"id":2220,"date":"2025-09-14T01:22:55","date_gmt":"2025-09-14T01:22:55","guid":{"rendered":"https:\/\/insumosintegrales.cl\/wordpress_I\/?post_type=product&#038;p=2220"},"modified":"2025-09-17T22:23:44","modified_gmt":"2025-09-17T22:23:44","slug":"jabon-liquido-manzana-klaren-5-lts","status":"publish","type":"product","link":"https:\/\/insumosintegrales.cl\/wordpress_I\/producto\/jabon-liquido-manzana-klaren-5-lts\/","title":{"rendered":"Jab\u00f3n L\u00edquido Manzana Klaren 5 lts."},"content":{"rendered":"<p>Los jabones l\u00edquidos Kl\u00e4ren, permiten mantener su piel fresca, limpia y con agradable aroma cada vez que usted lo requiera.<\/p>\n","protected":false},"excerpt":{"rendered":"<p>Jab\u00f3n l\u00edquido para piel fresca y limpia.<\/p>\n","protected":false},"featured_media":2568,"comment_status":"closed","ping_status":"closed","template":"","meta":[],"product_brand":[],"product_cat":[31],"product_tag":[],"class_list":{"0":"post-2220","1":"product","2":"type-product","3":"status-publish","4":"has-post-thumbnail","6":"product_cat-industriales","8":"first","9":"instock","10":"taxable","11":"shipping-taxable","12":"purchasable","13":"product-type-simple"},"_links":{"self":[{"href":"https:\/\/insumosintegrales.cl\/wordpress_I\/wp-json\/wp\/v2\/product\/2220","targetHints":{"allow":["GET"]}}],"collection":[{"href":"https:\/\/insumosintegrales.cl\/wordpress_I\/wp-json\/wp\/v2\/product"}],"about":[{"href":"https:\/\/insumosintegrales.cl\/wordpress_I\/wp-json\/wp\/v2\/types\/product"}],"replies":[{"embeddable":true,"href":"https:\/\/insumosintegrales.cl\/wordpress_I\/wp-json\/wp\/v2\/comments?post=2220"}],"version-history":[{"count":0,"href":"https:\/\/insumosintegrales.cl\/wordpress_I\/wp-json\/wp\/v2\/product\/2220\/revisions"}],"wp:featuredmedia":[{"embeddable":true,"href":"https:\/\/insumosintegrales.cl\/wordpress_I\/wp-json\/wp\/v2\/media\/2568"}],"wp:attachment":[{"href":"https:\/\/insumosintegrales.cl\/wordpress_I\/wp-json\/wp\/v2\/media?parent=2220"}],"wp:term":[{"taxonomy":"product_brand","embeddable":true,"href":"https:\/\/insumosintegrales.cl\/wordpress_I\/wp-json\/wp\/v2\/product_brand?post=2220"},{"taxonomy":"product_cat","embeddable":true,"href":"https:\/\/insumosintegrales.cl\/wordpress_I\/wp-json\/wp\/v2\/product_cat?post=2220"},{"taxonomy":"product_tag","embeddable":true,"href":"https:\/\/insumosintegrales.cl\/wordpress_I\/wp-json\/wp\/v2\/product_tag?post=2220"}],"curies":[{"name":"wp","href":"https:\/\/api.w.org\/{rel}","templated":true}]}}