{"id":2221,"date":"2025-09-14T01:22:55","date_gmt":"2025-09-14T01:22:55","guid":{"rendered":"https:\/\/insumosintegrales.cl\/wordpress_I\/?post_type=product&#038;p=2221"},"modified":"2025-09-17T22:25:55","modified_gmt":"2025-09-17T22:25:55","slug":"lavaloza-premium-concentrado-limon-5-lts","status":"publish","type":"product","link":"https:\/\/insumosintegrales.cl\/wordpress_I\/producto\/lavaloza-premium-concentrado-limon-5-lts\/","title":{"rendered":"Lavaloza Premium Concentrado Lim\u00f3n 5 lts."},"content":{"rendered":"<p>El Lavalozas concentrado recomendado para el lavado manual de vajilla, cristaler\u00eda, sartenes, cazuelas, bancos de trabajo y dem\u00e1s utensilios de cocina. Puede utilizarse tambi\u00e9n en la limpieza de otras superficies lavables como cristales, paredes, baldosas, etc.<\/p>\n","protected":false},"excerpt":{"rendered":"<p>El Lavalozas concentrado recomendado para el lavado manual de vajilla, cristaler\u00eda, sartenes, cazuelas, bancos de trabajo y dem\u00e1s utensilios de cocina.<\/p>\n","protected":false},"featured_media":2577,"comment_status":"closed","ping_status":"closed","template":"","meta":[],"product_brand":[],"product_cat":[31],"product_tag":[],"class_list":{"0":"post-2221","1":"product","2":"type-product","3":"status-publish","4":"has-post-thumbnail","6":"product_cat-industriales","8":"first","9":"instock","10":"taxable","11":"shipping-taxable","12":"purchasable","13":"product-type-simple"},"_links":{"self":[{"href":"https:\/\/insumosintegrales.cl\/wordpress_I\/wp-json\/wp\/v2\/product\/2221","targetHints":{"allow":["GET"]}}],"collection":[{"href":"https:\/\/insumosintegrales.cl\/wordpress_I\/wp-json\/wp\/v2\/product"}],"about":[{"href":"https:\/\/insumosintegrales.cl\/wordpress_I\/wp-json\/wp\/v2\/types\/product"}],"replies":[{"embeddable":true,"href":"https:\/\/insumosintegrales.cl\/wordpress_I\/wp-json\/wp\/v2\/comments?post=2221"}],"version-history":[{"count":0,"href":"https:\/\/insumosintegrales.cl\/wordpress_I\/wp-json\/wp\/v2\/product\/2221\/revisions"}],"wp:featuredmedia":[{"embeddable":true,"href":"https:\/\/insumosintegrales.cl\/wordpress_I\/wp-json\/wp\/v2\/media\/2577"}],"wp:attachment":[{"href":"https:\/\/insumosintegrales.cl\/wordpress_I\/wp-json\/wp\/v2\/media?parent=2221"}],"wp:term":[{"taxonomy":"product_brand","embeddable":true,"href":"https:\/\/insumosintegrales.cl\/wordpress_I\/wp-json\/wp\/v2\/product_brand?post=2221"},{"taxonomy":"product_cat","embeddable":true,"href":"https:\/\/insumosintegrales.cl\/wordpress_I\/wp-json\/wp\/v2\/product_cat?post=2221"},{"taxonomy":"product_tag","embeddable":true,"href":"https:\/\/insumosintegrales.cl\/wordpress_I\/wp-json\/wp\/v2\/product_tag?post=2221"}],"curies":[{"name":"wp","href":"https:\/\/api.w.org\/{rel}","templated":true}]}}