{"id":2226,"date":"2025-09-14T01:22:55","date_gmt":"2025-09-14T01:22:55","guid":{"rendered":"https:\/\/insumosintegrales.cl\/wordpress_I\/?post_type=product&#038;p=2226"},"modified":"2025-09-22T12:50:19","modified_gmt":"2025-09-22T12:50:19","slug":"papel-higienico-elite-d-h-ultra-450-mts","status":"publish","type":"product","link":"https:\/\/insumosintegrales.cl\/wordpress_I\/producto\/papel-higienico-elite-d-h-ultra-450-mts\/","title":{"rendered":"Papel Higi\u00e9nico Elite D\/H Ultra 4*50 mts."},"content":{"rendered":"<p>Experimenta la suavidad inigualable del papel higi\u00e9nico Elite Ultra Doble Hoja. Cada hoja est\u00e1 dise\u00f1ada para proporcionar una experiencia de limpieza superior, gracias a su composici\u00f3n de celulosa que asegura una textura suave y delicada en contacto con la piel. Con un largo de 50 metros por cada unidad, tendr\u00e1s la confianza de que durar\u00e1 m\u00e1s, minimizando la necesidad de constantes reposiciones.<\/p>\n","protected":false},"excerpt":{"rendered":"<p>Papel Higi\u00e9nico Elite Ultra doble hoja 4 rollos 50 metros Soft Touch<\/p>\n","protected":false},"featured_media":2919,"comment_status":"closed","ping_status":"closed","template":"","meta":[],"product_brand":[],"product_cat":[34,32],"product_tag":[],"class_list":{"0":"post-2226","1":"product","2":"type-product","3":"status-publish","4":"has-post-thumbnail","6":"product_cat-articulos-para-banos","7":"product_cat-papeleria","9":"first","10":"instock","11":"taxable","12":"shipping-taxable","13":"purchasable","14":"product-type-simple"},"_links":{"self":[{"href":"https:\/\/insumosintegrales.cl\/wordpress_I\/wp-json\/wp\/v2\/product\/2226","targetHints":{"allow":["GET"]}}],"collection":[{"href":"https:\/\/insumosintegrales.cl\/wordpress_I\/wp-json\/wp\/v2\/product"}],"about":[{"href":"https:\/\/insumosintegrales.cl\/wordpress_I\/wp-json\/wp\/v2\/types\/product"}],"replies":[{"embeddable":true,"href":"https:\/\/insumosintegrales.cl\/wordpress_I\/wp-json\/wp\/v2\/comments?post=2226"}],"version-history":[{"count":1,"href":"https:\/\/insumosintegrales.cl\/wordpress_I\/wp-json\/wp\/v2\/product\/2226\/revisions"}],"predecessor-version":[{"id":2920,"href":"https:\/\/insumosintegrales.cl\/wordpress_I\/wp-json\/wp\/v2\/product\/2226\/revisions\/2920"}],"wp:featuredmedia":[{"embeddable":true,"href":"https:\/\/insumosintegrales.cl\/wordpress_I\/wp-json\/wp\/v2\/media\/2919"}],"wp:attachment":[{"href":"https:\/\/insumosintegrales.cl\/wordpress_I\/wp-json\/wp\/v2\/media?parent=2226"}],"wp:term":[{"taxonomy":"product_brand","embeddable":true,"href":"https:\/\/insumosintegrales.cl\/wordpress_I\/wp-json\/wp\/v2\/product_brand?post=2226"},{"taxonomy":"product_cat","embeddable":true,"href":"https:\/\/insumosintegrales.cl\/wordpress_I\/wp-json\/wp\/v2\/product_cat?post=2226"},{"taxonomy":"product_tag","embeddable":true,"href":"https:\/\/insumosintegrales.cl\/wordpress_I\/wp-json\/wp\/v2\/product_tag?post=2226"}],"curies":[{"name":"wp","href":"https:\/\/api.w.org\/{rel}","templated":true}]}}