{"id":2227,"date":"2025-09-14T01:22:56","date_gmt":"2025-09-14T01:22:56","guid":{"rendered":"https:\/\/insumosintegrales.cl\/wordpress_I\/?post_type=product&#038;p=2227"},"modified":"2025-09-17T22:17:19","modified_gmt":"2025-09-17T22:17:19","slug":"papel-higienico-confort-d-h-450-mts","status":"publish","type":"product","link":"https:\/\/insumosintegrales.cl\/wordpress_I\/producto\/papel-higienico-confort-d-h-450-mts\/","title":{"rendered":"Papel Higi\u00e9nico Confort D\/H 4*50 mts."},"content":{"rendered":"<p>Descubre el papel higi\u00e9nico Confort doble hoja, la opci\u00f3n ideal para quienes buscan suavidad y resistencia en su d\u00eda a d\u00eda. Con un generoso largo de 25 metros por rollo, cada hoja est\u00e1 dise\u00f1ada para ofrecerte la m\u00e1xima comodidad, brindando una experiencia placentera en cada uso.<\/p>\n","protected":false},"excerpt":{"rendered":"<p>Papel Higi\u00e9nico Confort doble hoja 50 metros de 48 rollos. Gracias a su exclusiva combinaci\u00f3n de texturas de alta absorci\u00f3n.<\/p>\n","protected":false},"featured_media":2647,"comment_status":"closed","ping_status":"closed","template":"","meta":[],"product_brand":[],"product_cat":[34,32],"product_tag":[],"class_list":{"0":"post-2227","1":"product","2":"type-product","3":"status-publish","4":"has-post-thumbnail","6":"product_cat-articulos-para-banos","7":"product_cat-papeleria","9":"first","10":"instock","11":"taxable","12":"shipping-taxable","13":"purchasable","14":"product-type-simple"},"_links":{"self":[{"href":"https:\/\/insumosintegrales.cl\/wordpress_I\/wp-json\/wp\/v2\/product\/2227","targetHints":{"allow":["GET"]}}],"collection":[{"href":"https:\/\/insumosintegrales.cl\/wordpress_I\/wp-json\/wp\/v2\/product"}],"about":[{"href":"https:\/\/insumosintegrales.cl\/wordpress_I\/wp-json\/wp\/v2\/types\/product"}],"replies":[{"embeddable":true,"href":"https:\/\/insumosintegrales.cl\/wordpress_I\/wp-json\/wp\/v2\/comments?post=2227"}],"version-history":[{"count":1,"href":"https:\/\/insumosintegrales.cl\/wordpress_I\/wp-json\/wp\/v2\/product\/2227\/revisions"}],"predecessor-version":[{"id":2283,"href":"https:\/\/insumosintegrales.cl\/wordpress_I\/wp-json\/wp\/v2\/product\/2227\/revisions\/2283"}],"wp:featuredmedia":[{"embeddable":true,"href":"https:\/\/insumosintegrales.cl\/wordpress_I\/wp-json\/wp\/v2\/media\/2647"}],"wp:attachment":[{"href":"https:\/\/insumosintegrales.cl\/wordpress_I\/wp-json\/wp\/v2\/media?parent=2227"}],"wp:term":[{"taxonomy":"product_brand","embeddable":true,"href":"https:\/\/insumosintegrales.cl\/wordpress_I\/wp-json\/wp\/v2\/product_brand?post=2227"},{"taxonomy":"product_cat","embeddable":true,"href":"https:\/\/insumosintegrales.cl\/wordpress_I\/wp-json\/wp\/v2\/product_cat?post=2227"},{"taxonomy":"product_tag","embeddable":true,"href":"https:\/\/insumosintegrales.cl\/wordpress_I\/wp-json\/wp\/v2\/product_tag?post=2227"}],"curies":[{"name":"wp","href":"https:\/\/api.w.org\/{rel}","templated":true}]}}