{"id":2238,"date":"2025-09-14T01:23:19","date_gmt":"2025-09-14T01:23:19","guid":{"rendered":"https:\/\/insumosintegrales.cl\/wordpress_I\/?post_type=product&#038;p=2238"},"modified":"2025-09-17T22:07:51","modified_gmt":"2025-09-17T22:07:51","slug":"toalla-papel-interfoliada-d-h-200-un-ovella","status":"publish","type":"product","link":"https:\/\/insumosintegrales.cl\/wordpress_I\/producto\/toalla-papel-interfoliada-d-h-200-un-ovella\/","title":{"rendered":"Toalla Papel Interfoliada Ovella"},"content":{"rendered":"<p>Toalla Interfoliada Ovella Doble Hoja 20 Paquetes x 200 u. Es el aliado perfecto para mantener la limpieza y la higiene en tu cocina. Con un dise\u00f1o funcional que proporciona una hoja de 21 cm, estas toallas ofrecen una gran capacidad de absorci\u00f3n, lo que las convierte en una soluci\u00f3n pr\u00e1ctica para cualquier tarea, desde secar manos hasta limpiar derrames.<\/p>\n","protected":false},"excerpt":{"rendered":"<p>Toalla Interfoliada Ovella Doble Hoja 20 Paquetes x 200 un.<\/p>\n","protected":false},"featured_media":2643,"comment_status":"closed","ping_status":"closed","template":"","meta":[],"product_brand":[],"product_cat":[33,32],"product_tag":[],"class_list":{"0":"post-2238","1":"product","2":"type-product","3":"status-publish","4":"has-post-thumbnail","6":"product_cat-articulos-para-cocina","7":"product_cat-papeleria","9":"first","10":"instock","11":"taxable","12":"shipping-taxable","13":"purchasable","14":"product-type-simple"},"_links":{"self":[{"href":"https:\/\/insumosintegrales.cl\/wordpress_I\/wp-json\/wp\/v2\/product\/2238","targetHints":{"allow":["GET"]}}],"collection":[{"href":"https:\/\/insumosintegrales.cl\/wordpress_I\/wp-json\/wp\/v2\/product"}],"about":[{"href":"https:\/\/insumosintegrales.cl\/wordpress_I\/wp-json\/wp\/v2\/types\/product"}],"replies":[{"embeddable":true,"href":"https:\/\/insumosintegrales.cl\/wordpress_I\/wp-json\/wp\/v2\/comments?post=2238"}],"version-history":[{"count":0,"href":"https:\/\/insumosintegrales.cl\/wordpress_I\/wp-json\/wp\/v2\/product\/2238\/revisions"}],"wp:featuredmedia":[{"embeddable":true,"href":"https:\/\/insumosintegrales.cl\/wordpress_I\/wp-json\/wp\/v2\/media\/2643"}],"wp:attachment":[{"href":"https:\/\/insumosintegrales.cl\/wordpress_I\/wp-json\/wp\/v2\/media?parent=2238"}],"wp:term":[{"taxonomy":"product_brand","embeddable":true,"href":"https:\/\/insumosintegrales.cl\/wordpress_I\/wp-json\/wp\/v2\/product_brand?post=2238"},{"taxonomy":"product_cat","embeddable":true,"href":"https:\/\/insumosintegrales.cl\/wordpress_I\/wp-json\/wp\/v2\/product_cat?post=2238"},{"taxonomy":"product_tag","embeddable":true,"href":"https:\/\/insumosintegrales.cl\/wordpress_I\/wp-json\/wp\/v2\/product_tag?post=2238"}],"curies":[{"name":"wp","href":"https:\/\/api.w.org\/{rel}","templated":true}]}}