{"id":2241,"date":"2025-09-14T01:23:19","date_gmt":"2025-09-14T01:23:19","guid":{"rendered":"https:\/\/insumosintegrales.cl\/wordpress_I\/?post_type=product&#038;p=2241"},"modified":"2025-09-17T22:11:15","modified_gmt":"2025-09-17T22:11:15","slug":"toalla-de-papel-nova-gigante-clasica-70-mts","status":"publish","type":"product","link":"https:\/\/insumosintegrales.cl\/wordpress_I\/producto\/toalla-de-papel-nova-gigante-clasica-70-mts\/","title":{"rendered":"Toalla de Papel Nova Gigante Cl\u00e1sica."},"content":{"rendered":"<p>La Toalla de Papel Nova Gigante Cl\u00e1sica te brinda m\u00e1xima absorci\u00f3n y resistencia en cada uso. Con sus 70 metros de papel de alta calidad, es perfecta para la cocina, el ba\u00f1o o cualquier espacio del hogar. Su gran tama\u00f1o permite mayor duraci\u00f3n, ayud\u00e1ndote en la limpieza diaria con menos desperdicio. Ideal para secar, limpiar y absorber con eficiencia.<\/p>\n","protected":false},"excerpt":{"rendered":"<p>La Toalla de Papel Nova Gigante Cl\u00e1sica de 70 metros de papel de alta calidad.<\/p>\n","protected":false},"featured_media":2640,"comment_status":"closed","ping_status":"closed","template":"","meta":[],"product_brand":[],"product_cat":[33,32],"product_tag":[],"class_list":{"0":"post-2241","1":"product","2":"type-product","3":"status-publish","4":"has-post-thumbnail","6":"product_cat-articulos-para-cocina","7":"product_cat-papeleria","9":"first","10":"instock","11":"taxable","12":"shipping-taxable","13":"purchasable","14":"product-type-simple"},"_links":{"self":[{"href":"https:\/\/insumosintegrales.cl\/wordpress_I\/wp-json\/wp\/v2\/product\/2241","targetHints":{"allow":["GET"]}}],"collection":[{"href":"https:\/\/insumosintegrales.cl\/wordpress_I\/wp-json\/wp\/v2\/product"}],"about":[{"href":"https:\/\/insumosintegrales.cl\/wordpress_I\/wp-json\/wp\/v2\/types\/product"}],"replies":[{"embeddable":true,"href":"https:\/\/insumosintegrales.cl\/wordpress_I\/wp-json\/wp\/v2\/comments?post=2241"}],"version-history":[{"count":0,"href":"https:\/\/insumosintegrales.cl\/wordpress_I\/wp-json\/wp\/v2\/product\/2241\/revisions"}],"wp:featuredmedia":[{"embeddable":true,"href":"https:\/\/insumosintegrales.cl\/wordpress_I\/wp-json\/wp\/v2\/media\/2640"}],"wp:attachment":[{"href":"https:\/\/insumosintegrales.cl\/wordpress_I\/wp-json\/wp\/v2\/media?parent=2241"}],"wp:term":[{"taxonomy":"product_brand","embeddable":true,"href":"https:\/\/insumosintegrales.cl\/wordpress_I\/wp-json\/wp\/v2\/product_brand?post=2241"},{"taxonomy":"product_cat","embeddable":true,"href":"https:\/\/insumosintegrales.cl\/wordpress_I\/wp-json\/wp\/v2\/product_cat?post=2241"},{"taxonomy":"product_tag","embeddable":true,"href":"https:\/\/insumosintegrales.cl\/wordpress_I\/wp-json\/wp\/v2\/product_tag?post=2241"}],"curies":[{"name":"wp","href":"https:\/\/api.w.org\/{rel}","templated":true}]}}